{"id":37,"date":"2016-04-28T03:57:37","date_gmt":"2016-04-28T01:57:37","guid":{"rendered":"http:\/\/feuerwehr-haschbach.de\/?page_id=37"},"modified":"2020-11-17T11:05:37","modified_gmt":"2020-11-17T10:05:37","slug":"gemeinde-haschbach","status":"publish","type":"page","link":"https:\/\/feuerwehr-haschbach.de\/?page_id=37","title":{"rendered":"Gemeinde Haschbach"},"content":{"rendered":"<p><b>Der Ort<\/b><br \/>\nDer Ort Haschbach am Remigiusberg liegt in einem Talkessel auf der Westseite des Remigiusberges etwa 4km s\u00fcd\u00f6stlich von Kusel in einem Gebiet, das als Kuseler Westrich bekannt ist und zum Nordpf\u00e4lzer Bergland geh\u00f6rt. Er geh\u00f6rt der Verbandsgemeinde Kusel-Altenglan an.<\/p>\n<p><b>Der Remigiusberg<\/b><br \/>\nDer Remigiusberg ist eine 368 Meter hohe Erhebung und liegt im Nordwesten der Pfalz. Er ist das Zentrum des \u201eRemigiuslandes\u201c und erstreckt sich auf der Gemarkung der Ortsgemeinde Haschbach. Auf der Kuppe befinden sich die Probsteikirche St. Remigius und die Ruine der Michelsburg.<\/p>\n<p style=\"text-align: center;\"><a href=\"http:\/\/www.haschbach.de\">http:\/\/www.haschbach.de<\/a><\/p>\n<div style=\"text-align: center;\"><a href=\"https:\/\/feuerwehr-haschbach.de\/wp-content\/uploads\/2016\/04\/2.jpg\"><img loading=\"lazy\" decoding=\"async\" class=\"alignnone wp-image-39 size-thumbnail\" src=\"https:\/\/feuerwehr-haschbach.de\/wp-content\/uploads\/2016\/04\/2-150x150.jpg\" width=\"150\" height=\"150\" \/><\/a>\u00a0<a href=\"https:\/\/feuerwehr-haschbach.de\/wp-content\/uploads\/2016\/04\/1.jpg\"><img loading=\"lazy\" decoding=\"async\" class=\"alignnone wp-image-38 size-thumbnail\" src=\"https:\/\/feuerwehr-haschbach.de\/wp-content\/uploads\/2016\/04\/1-150x150.jpg\" width=\"150\" height=\"150\" \/><\/a><\/div>\n","protected":false},"excerpt":{"rendered":"<p>Der Ort Der Ort Haschbach am Remigiusberg liegt in einem Talkessel auf der Westseite des Remigiusberges etwa 4km s\u00fcd\u00f6stlich von Kusel in einem Gebiet, das als Kuseler Westrich bekannt ist und zum Nordpf\u00e4lzer Bergland geh\u00f6rt.<\/p>\n","protected":false},"author":1,"featured_media":0,"parent":0,"menu_order":0,"comment_status":"closed","ping_status":"closed","template":"","meta":{"footnotes":""},"class_list":["post-37","page","type-page","status-publish","hentry"],"_links":{"self":[{"href":"https:\/\/feuerwehr-haschbach.de\/index.php?rest_route=\/wp\/v2\/pages\/37","targetHints":{"allow":["GET"]}}],"collection":[{"href":"https:\/\/feuerwehr-haschbach.de\/index.php?rest_route=\/wp\/v2\/pages"}],"about":[{"href":"https:\/\/feuerwehr-haschbach.de\/index.php?rest_route=\/wp\/v2\/types\/page"}],"author":[{"embeddable":true,"href":"https:\/\/feuerwehr-haschbach.de\/index.php?rest_route=\/wp\/v2\/users\/1"}],"replies":[{"embeddable":true,"href":"https:\/\/feuerwehr-haschbach.de\/index.php?rest_route=%2Fwp%2Fv2%2Fcomments&post=37"}],"version-history":[{"count":7,"href":"https:\/\/feuerwehr-haschbach.de\/index.php?rest_route=\/wp\/v2\/pages\/37\/revisions"}],"predecessor-version":[{"id":1289,"href":"https:\/\/feuerwehr-haschbach.de\/index.php?rest_route=\/wp\/v2\/pages\/37\/revisions\/1289"}],"wp:attachment":[{"href":"https:\/\/feuerwehr-haschbach.de\/index.php?rest_route=%2Fwp%2Fv2%2Fmedia&parent=37"}],"curies":[{"name":"wp","href":"https:\/\/api.w.org\/{rel}","templated":true}]}}