{"id":44,"date":"2016-04-28T04:01:21","date_gmt":"2016-04-28T02:01:21","guid":{"rendered":"http:\/\/feuerwehr-haschbach.de\/?page_id=44"},"modified":"2024-02-23T19:11:42","modified_gmt":"2024-02-23T18:11:42","slug":"foerderverein","status":"publish","type":"page","link":"https:\/\/feuerwehr-haschbach.de\/?page_id=44","title":{"rendered":"F\u00f6rderverein"},"content":{"rendered":"<p>Der \u201eVerein zur F\u00f6rderung des Feuerwehrwesens in der Ortsgemeinde Haschbach am Remigiusberg e.V.\u201c wurde am 21.Juni 1997 gegr\u00fcndet.<\/p>\n<p>Nach anf\u00e4nglichen Schwierigkeiten bez\u00fcglich der Satzung, wurde der Verein am 14.Januar 1998 in das Vereinsregister des Amtsgerichts Kaiserslautern eingetragen. Im selben Jahr 1998 veranstaltete der Verein den 8. Feuerwehrtag der Verbandgemeinde Kusel.<\/p>\n<p>Im Laufe seines Bestehens wurden schon so einige Veranstaltungen ausgerichtet z.B. Bahnfest, Kindermaskenball, Secondhandbasar, Infotage bez\u00fcglich Brandschutz, Martinsumz\u00fcge, Feuerl\u00f6scher Pr\u00fcfungen, Kinderfeuerwehrtag etc. Bei dem Verein und den Veranstaltungen steht die Gemeinn\u00fctzigkeit im Vordergrund. Wir sind aktiv f\u00fcr den pr\u00e4ventiven Brandschutz, unterst\u00fctzen unsere Feuerwehr bei Neuanschaffungen\u00a0 und unterst\u00fctzen andere gemeinn\u00fctzige Organisationen.<br \/>\nZurzeit hat der Verein ca. 80 Mitglieder.<br \/>\n1. Vorsitzender ist Julian Wiechmann, sein Stellvertreter ist Jonas Hoefer.<\/p>\n<div style=\"text-align: center;\">\n<p><a href=\"https:\/\/feuerwehr-haschbach.de\/wp-content\/uploads\/2016\/04\/1-1.jpg\"><img loading=\"lazy\" decoding=\"async\" class=\"alignnone size-thumbnail wp-image-45\" src=\"https:\/\/feuerwehr-haschbach.de\/wp-content\/uploads\/2016\/04\/1-1-150x150.jpg\" alt=\"\" width=\"150\" height=\"150\" \/><\/a>\u00a0<a href=\"https:\/\/feuerwehr-haschbach.de\/wp-content\/uploads\/2016\/04\/2-1.jpg\"><img loading=\"lazy\" decoding=\"async\" class=\"alignnone size-thumbnail wp-image-46\" src=\"https:\/\/feuerwehr-haschbach.de\/wp-content\/uploads\/2016\/04\/2-1-150x150.jpg\" alt=\"2\" width=\"150\" height=\"150\" \/><\/a>\u00a0<a href=\"https:\/\/feuerwehr-haschbach.de\/wp-content\/uploads\/2016\/04\/3.jpg\"><img loading=\"lazy\" decoding=\"async\" class=\"alignnone size-thumbnail wp-image-47\" src=\"https:\/\/feuerwehr-haschbach.de\/wp-content\/uploads\/2016\/04\/3-150x150.jpg\" alt=\"3\" width=\"150\" height=\"150\" \/><\/a><\/p>\n<\/div>\n","protected":false},"excerpt":{"rendered":"<p>Der \u201eVerein zur F\u00f6rderung des Feuerwehrwesens in der Ortsgemeinde Haschbach am Remigiusberg e.V.\u201c wurde am 21.Juni 1997 gegr\u00fcndet. Nach anf\u00e4nglichen Schwierigkeiten bez\u00fcglich der Satzung, wurde der Verein am 14.Januar 1998 in das Vereinsregister des Amtsgerichts<\/p>\n","protected":false},"author":1,"featured_media":0,"parent":8,"menu_order":0,"comment_status":"closed","ping_status":"closed","template":"","meta":{"footnotes":""},"class_list":["post-44","page","type-page","status-publish","hentry"],"_links":{"self":[{"href":"https:\/\/feuerwehr-haschbach.de\/index.php?rest_route=\/wp\/v2\/pages\/44","targetHints":{"allow":["GET"]}}],"collection":[{"href":"https:\/\/feuerwehr-haschbach.de\/index.php?rest_route=\/wp\/v2\/pages"}],"about":[{"href":"https:\/\/feuerwehr-haschbach.de\/index.php?rest_route=\/wp\/v2\/types\/page"}],"author":[{"embeddable":true,"href":"https:\/\/feuerwehr-haschbach.de\/index.php?rest_route=\/wp\/v2\/users\/1"}],"replies":[{"embeddable":true,"href":"https:\/\/feuerwehr-haschbach.de\/index.php?rest_route=%2Fwp%2Fv2%2Fcomments&post=44"}],"version-history":[{"count":8,"href":"https:\/\/feuerwehr-haschbach.de\/index.php?rest_route=\/wp\/v2\/pages\/44\/revisions"}],"predecessor-version":[{"id":1780,"href":"https:\/\/feuerwehr-haschbach.de\/index.php?rest_route=\/wp\/v2\/pages\/44\/revisions\/1780"}],"up":[{"embeddable":true,"href":"https:\/\/feuerwehr-haschbach.de\/index.php?rest_route=\/wp\/v2\/pages\/8"}],"wp:attachment":[{"href":"https:\/\/feuerwehr-haschbach.de\/index.php?rest_route=%2Fwp%2Fv2%2Fmedia&parent=44"}],"curies":[{"name":"wp","href":"https:\/\/api.w.org\/{rel}","templated":true}]}}